{"id":95,"date":"2022-04-14T12:32:35","date_gmt":"2022-04-14T15:32:35","guid":{"rendered":"https:\/\/condo.org.br\/?page_id=95"},"modified":"2026-04-02T11:16:24","modified_gmt":"2026-04-02T14:16:24","slug":"faca-parte","status":"publish","type":"page","link":"https:\/\/condo.org.br\/en\/faca-parte\/","title":{"rendered":"Be a part"},"content":{"rendered":"<p>In addition to accompanying and participating in <a href=\"https:\/\/condo.org.br\/en\/programacao\/\" target=\"_blank\" rel=\"noopener\">programming<\/a> and the <a href=\"https:\/\/condo.org.br\/en\/projetos\/\" target=\"_blank\" rel=\"noopener\">projects<\/a> that we have developed, there are different ways to be part of Cond\u00f4 Cultural.<\/p>\n<ol>\n<li style=\"font-weight: 400;\" aria-level=\"1\"><span style=\"font-weight: 400;\">Propose creative actions or occupy a fixed workspace. <\/span><a href=\"https:\/\/forms.gle\/LR9ox4bakY4YyvRT9\"><span style=\"font-weight: 400;\">Fill in this form.<\/span><\/a><\/li>\n<li style=\"font-weight: 400;\" aria-level=\"1\"><span style=\"font-weight: 400;\">Being a person <\/span><a href=\"https:\/\/benfeitoria.com\/projeto\/amigasdocondo\" target=\"_blank\" rel=\"noopener\"><span style=\"font-weight: 400;\">Friend of the Cond\u00f4<\/span><\/a><span style=\"font-weight: 400;\">.<\/span><\/li>\n<li aria-level=\"1\">Be part of the Association.<\/li>\n<li style=\"font-weight: 400;\" aria-level=\"1\"><span style=\"font-weight: 400;\">Renting a space on a one-off basis.\u00a0<\/span><\/li>\n<\/ol>\n<p><span style=\"font-weight: 400;\">If you're not interested in any of these paths, drop us a line at <a href=\"https:\/\/wa.me\/message\/CQERVO5AQWGEM1\">whatsapp<\/a> we can arrange a coffee.\u00a0<\/span><\/p>","protected":false},"excerpt":{"rendered":"<p>In addition to following and participating in the programming and projects we develop, there are different ways ... <a href=\"https:\/\/condo.org.br\/en\/faca-parte\/\"><\/a><\/p>","protected":false},"author":1,"featured_media":0,"parent":0,"menu_order":0,"comment_status":"closed","ping_status":"closed","template":"","meta":{"_crdt_document":"","_uag_custom_page_level_css":"","footnotes":""},"class_list":["post-95","page","type-page","status-publish","hentry"],"acf":[],"uagb_featured_image_src":{"full":false,"thumbnail":false,"medium":false,"medium_large":false,"large":false,"1536x1536":false,"2048x2048":false,"trp-custom-language-flag":false},"uagb_author_info":{"display_name":"burns","author_link":"https:\/\/condo.org.br\/en\/author\/burns\/"},"uagb_comment_info":0,"uagb_excerpt":"Al\u00e9m de acompanhar e participar da programa\u00e7\u00e3o e dos projetos que desenvolvemos, existem diferentes maneiras &hellip;","jetpack_sharing_enabled":true,"_links":{"self":[{"href":"https:\/\/condo.org.br\/en\/wp-json\/wp\/v2\/pages\/95","targetHints":{"allow":["GET"]}}],"collection":[{"href":"https:\/\/condo.org.br\/en\/wp-json\/wp\/v2\/pages"}],"about":[{"href":"https:\/\/condo.org.br\/en\/wp-json\/wp\/v2\/types\/page"}],"author":[{"embeddable":true,"href":"https:\/\/condo.org.br\/en\/wp-json\/wp\/v2\/users\/1"}],"replies":[{"embeddable":true,"href":"https:\/\/condo.org.br\/en\/wp-json\/wp\/v2\/comments?post=95"}],"version-history":[{"count":103,"href":"https:\/\/condo.org.br\/en\/wp-json\/wp\/v2\/pages\/95\/revisions"}],"predecessor-version":[{"id":3702,"href":"https:\/\/condo.org.br\/en\/wp-json\/wp\/v2\/pages\/95\/revisions\/3702"}],"wp:attachment":[{"href":"https:\/\/condo.org.br\/en\/wp-json\/wp\/v2\/media?parent=95"}],"curies":[{"name":"wp","href":"https:\/\/api.w.org\/{rel}","templated":true}]}}