{"id":93,"date":"2022-04-14T12:31:57","date_gmt":"2022-04-14T15:31:57","guid":{"rendered":"https:\/\/condo.org.br\/?page_id=93"},"modified":"2022-10-19T11:16:18","modified_gmt":"2022-10-19T14:16:18","slug":"a-casa","status":"publish","type":"page","link":"https:\/\/condo.org.br\/en\/a-casa\/","title":{"rendered":"The house"},"content":{"rendered":"<div>\n<h1>A creative home with endless possibilities<\/h1>\n<h3>A haven of desires, discussions, conviviality and lots of action<\/h3>\n<\/div>\n<div>\n<p>Located in <strong>Vila Anglo Brasileira<\/strong>This is the headquarters of the <a href=\"https:\/\/condo.org.br\/en\/sobre\/\">Cond\u00f4 Cultural Association<\/a>It is also a working space for artists, cultural entrepreneurs, environmentalists and activists.<\/p>\n<p>Location of many of the <a href=\"https:\/\/condo.org.br\/en\/programacao\/\">our actions<\/a>This could also be what you're looking for in your project. Check out our spaces for rent.<\/p>\n<\/div>","protected":false},"excerpt":{"rendered":"<p>A creative home with endless possibilities. <\/p>\n<p>A haven of desires, discussions, coexistence and lots of action. <\/p>\n<p>Located in Vila Anglo Brasileira, on the west side of the city of S\u00e3o Paulo. <\/p>\n<p>\u00c9 a sede da Associa\u00e7\u00e3o Cond\u00f4 Cultural, al\u00e9m de ser espa\u00e7o de trabalho de artistas, empreendedores culturais , ambientais e ativistas. <\/p>\n<p>The location of many of our events could also be what you're looking for in your project. Check out our spaces for rent.<\/p>","protected":false},"author":1,"featured_media":1842,"parent":0,"menu_order":0,"comment_status":"closed","ping_status":"closed","template":"","meta":{"_crdt_document":"","_uag_custom_page_level_css":"","footnotes":""},"class_list":["post-93","page","type-page","status-publish","has-post-thumbnail","hentry"],"acf":[],"uagb_featured_image_src":{"full":["https:\/\/condo.org.br\/wp-content\/uploads\/2022\/09\/FM_DJI_20220626_0004_CA-3.jpg",1200,594,false],"thumbnail":["https:\/\/condo.org.br\/wp-content\/uploads\/2022\/09\/FM_DJI_20220626_0004_CA-3-150x150.jpg",150,150,true],"medium":["https:\/\/condo.org.br\/wp-content\/uploads\/2022\/09\/FM_DJI_20220626_0004_CA-3-300x149.jpg",300,149,true],"medium_large":["https:\/\/condo.org.br\/wp-content\/uploads\/2022\/09\/FM_DJI_20220626_0004_CA-3-768x380.jpg",768,380,true],"large":["https:\/\/condo.org.br\/wp-content\/uploads\/2022\/09\/FM_DJI_20220626_0004_CA-3-1024x507.jpg",1024,507,true],"1536x1536":["https:\/\/condo.org.br\/wp-content\/uploads\/2022\/09\/FM_DJI_20220626_0004_CA-3.jpg",1200,594,false],"2048x2048":["https:\/\/condo.org.br\/wp-content\/uploads\/2022\/09\/FM_DJI_20220626_0004_CA-3.jpg",1200,594,false],"trp-custom-language-flag":["https:\/\/condo.org.br\/wp-content\/uploads\/2022\/09\/FM_DJI_20220626_0004_CA-3.jpg",18,9,false]},"uagb_author_info":{"display_name":"burns","author_link":"https:\/\/condo.org.br\/en\/author\/burns\/"},"uagb_comment_info":0,"uagb_excerpt":"Uma casa criativa com infinitas possibilidades. Um abrigo de desejos, discuss\u00f5es, conviv\u00eancia e muita a\u00e7\u00e3o. Localizada na Vila Anglo Brasileira, zona oeste da cidade de S\u00e3o Paulo. \u00c9 a sede da Associa\u00e7\u00e3o Cond\u00f4 Cultural, al\u00e9m de ser espa\u00e7o de trabalho de artistas, empreendedores culturais , ambientais e ativistas. Local de muitas das nossas a\u00e7\u00f5es, tamb\u00e9m&hellip;","jetpack_sharing_enabled":true,"_links":{"self":[{"href":"https:\/\/condo.org.br\/en\/wp-json\/wp\/v2\/pages\/93","targetHints":{"allow":["GET"]}}],"collection":[{"href":"https:\/\/condo.org.br\/en\/wp-json\/wp\/v2\/pages"}],"about":[{"href":"https:\/\/condo.org.br\/en\/wp-json\/wp\/v2\/types\/page"}],"author":[{"embeddable":true,"href":"https:\/\/condo.org.br\/en\/wp-json\/wp\/v2\/users\/1"}],"replies":[{"embeddable":true,"href":"https:\/\/condo.org.br\/en\/wp-json\/wp\/v2\/comments?post=93"}],"version-history":[{"count":58,"href":"https:\/\/condo.org.br\/en\/wp-json\/wp\/v2\/pages\/93\/revisions"}],"predecessor-version":[{"id":2203,"href":"https:\/\/condo.org.br\/en\/wp-json\/wp\/v2\/pages\/93\/revisions\/2203"}],"wp:featuredmedia":[{"embeddable":true,"href":"https:\/\/condo.org.br\/en\/wp-json\/wp\/v2\/media\/1842"}],"wp:attachment":[{"href":"https:\/\/condo.org.br\/en\/wp-json\/wp\/v2\/media?parent=93"}],"curies":[{"name":"wp","href":"https:\/\/api.w.org\/{rel}","templated":true}]}}