{"id":91,"date":"2022-04-14T12:31:34","date_gmt":"2022-04-14T15:31:34","guid":{"rendered":"https:\/\/condo.org.br\/?page_id=91"},"modified":"2025-01-21T16:14:56","modified_gmt":"2025-01-21T19:14:56","slug":"sobre","status":"publish","type":"page","link":"https:\/\/condo.org.br\/en\/sobre\/","title":{"rendered":"About"},"content":{"rendered":"<p class=\"wp-block-paragraph\"><img loading=\"lazy\" decoding=\"async\" class=\"size-full wp-image-1280\" src=\"https:\/\/condo.org.br\/wp-content\/uploads\/2022\/09\/LogoCondoCascata.png\" alt=\"\" width=\"280\" height=\"124\" \/><\/p>\r\n\r\n\r\n\r\n\r\n\r\n<h2 class=\"wp-block-heading\">\u00a0<\/h2>\r\n\r\n\r\n\r\n<h2 class=\"wp-block-heading\">The Cultural Cond\u00f4<\/h2>\r\n\r\n\r\n\r\n<p class=\"wp-block-paragraph\">&nbsp;<\/p>\r\n\r\n\r\n\r\n<div class=\"wp-block-group condo is-layout-grid wp-container-core-group-is-layout-62ad4568 wp-block-group-is-layout-grid\" style=\"padding-top: 0; padding-bottom: 0;\">\r\n<p class=\"wp-block-paragraph\">ART<\/p>\r\n\r\n\r\n\r\n<p class=\"wp-block-paragraph\">CULTURE<\/p>\r\n\r\n\r\n\r\n<p class=\"wp-block-paragraph\">TECHNOLOGY<\/p>\r\n\r\n\r\n\r\n<p class=\"wp-block-paragraph\">ENVIRONMENT<\/p>\r\n\r\n\r\n\r\n<p class=\"wp-block-paragraph\">MEETINGS<\/p>\r\n\r\n\r\n\r\n<p class=\"wp-block-paragraph\">CREATIVE ACTIONS<\/p>\r\n<\/div>\r\n\r\n\r\n\r\n<p class=\"wp-block-paragraph\">&nbsp;<\/p>\r\n\r\n\r\n\r\n<p class=\"wp-block-paragraph\"><b>We are an association<\/b> which aims to <b>production and promotion of cultural, artistic and environmental activities<\/b> valuing creative processes and new forms of relationship and coexistence between artists, the community, educators, technicians, entrepreneurs, cultural, social and environmental agents.<\/p>\r\n\r\n\r\n\r\n<h4 class=\"wp-block-heading\"><span style=\"color: #921a15;\"><b>We are always looking for connections with creative initiatives that want to make the world a fairer place and in harmony with nature.\u00a0<\/b><\/span><\/h4>\r\n\r\n\r\n\r\n<p class=\"wp-block-paragraph\">&nbsp;<\/p>\r\n\r\n\r\n\r\n<figure class=\"wp-block-image aligncenter size-full wp-image-1952\"><img loading=\"lazy\" decoding=\"async\" width=\"1200\" height=\"800\" class=\"wp-image-1952\" src=\"http:\/\/localhost:10039\/wp-content\/uploads\/2022\/10\/condo_bento_0447_CA.jpg\" alt=\"\" srcset=\"https:\/\/condo.org.br\/wp-content\/uploads\/2022\/10\/condo_bento_0447_CA.jpg 1200w, https:\/\/condo.org.br\/wp-content\/uploads\/2022\/10\/condo_bento_0447_CA-300x200.jpg 300w, https:\/\/condo.org.br\/wp-content\/uploads\/2022\/10\/condo_bento_0447_CA-1024x683.jpg 1024w, https:\/\/condo.org.br\/wp-content\/uploads\/2022\/10\/condo_bento_0447_CA-768x512.jpg 768w\" sizes=\"auto, (max-width: 1200px) 100vw, 1200px\" \/>\r\n<figcaption class=\"wp-element-caption\">Agroforestry workshop with Bento Cruz. Photo by Conrado Lessa.<\/figcaption>\r\n<\/figure>\r\n\r\n\r\n\r\n<p class=\"wp-block-paragraph\">&nbsp;<\/p>\r\n\r\n\r\n\r\n<p class=\"wp-block-paragraph\">Based in a space of conviviality and dialog, we exercise a broader understanding of art, in which art and culture are deeply intertwined with life: it is also an artist who produces the bread, who makes the lunch, who plants, composts, tends the flowers, who harvests, who paints the walls.<\/p>\r\n\r\n\r\n\r\n<p class=\"wp-block-paragraph\">We believe that sharing the environment and building affection intensifies and enhances the creation of joint proposals by collectives and artists from Brazil and around the world.<\/p>\r\n\r\n\r\n\r\n<p class=\"wp-block-paragraph\">With a dynamic <b>coexistence and care<\/b> it is possible for different people to get to know each other, often being stimulated by each other's processes.<\/p>\r\n\r\n\r\n\r\n<p class=\"wp-block-paragraph\">&nbsp;<\/p>\r\n\r\n\r\n\r\n<figure class=\"wp-block-image aligncenter wp-image-1331\"><img loading=\"lazy\" decoding=\"async\" width=\"800\" height=\"450\" class=\"wp-image-1331\" src=\"http:\/\/localhost:10039\/wp-content\/uploads\/2022\/09\/WhatsApp-Image-2017-12-11-at-19.23.22_CA.jpg\" alt=\"\" srcset=\"https:\/\/condo.org.br\/wp-content\/uploads\/2022\/09\/WhatsApp-Image-2017-12-11-at-19.23.22_CA.jpg 800w, https:\/\/condo.org.br\/wp-content\/uploads\/2022\/09\/WhatsApp-Image-2017-12-11-at-19.23.22_CA-300x169.jpg 300w, https:\/\/condo.org.br\/wp-content\/uploads\/2022\/09\/WhatsApp-Image-2017-12-11-at-19.23.22_CA-768x432.jpg 768w\" sizes=\"auto, (max-width: 800px) 100vw, 800px\" \/>\r\n<figcaption class=\"wp-element-caption\">Meeting of Collective Houses.<\/figcaption>\r\n<\/figure>\r\n\r\n\r\n\r\n<p class=\"wp-block-paragraph\">&nbsp;<\/p>\r\n\r\n\r\n\r\n<p class=\"wp-block-paragraph\">We ask ourselves every day<b> impact of our actions<\/b>It's about the way we relate to each other, about caring for the place we're in and for people. We experiment, we change, we do it again and, between mistakes and successes, we find new ways of being and connecting with the world.<\/p>\r\n\r\n\r\n\r\n<p class=\"wp-block-paragraph\">If you identify with this whole movement, come and have a <a href=\"http:\/\/localhost:10039\/programacao\/cafe-caipira\/\" target=\"_blank\" rel=\"noopener\">coffee<\/a>to exchange ideas, take part in a joint effort, get your hands dirty, <a href=\"http:\/\/localhost:10039\/faca-parte\/\" target=\"_blank\" rel=\"noopener\">supporting a project<\/a>. Schedule <a href=\"https:\/\/wa.me\/message\/CQERVO5AQWGEM1\" target=\"_blank\" rel=\"noopener\">a visit<\/a> or take part in one of the <a href=\"http:\/\/localhost:10039\/programacao\/\" target=\"_blank\" rel=\"noopener\">our activities<\/a>.<\/p>\r\n\r\n\r\n\r\n<div>\u00a0<\/div>\r\n\r\n\r\n\r\n<div><\/div>","protected":false},"excerpt":{"rendered":"<p>\u00a0 The Cultural Cond\u00f4 ART CULTURE TECHNOLOGY ENVIRONMENT MEETINGS CREATIVE ACTIONS We are ... <a href=\"https:\/\/condo.org.br\/en\/sobre\/\"><\/a><\/p>","protected":false},"author":1,"featured_media":0,"parent":0,"menu_order":0,"comment_status":"closed","ping_status":"closed","template":"","meta":{"_crdt_document":"","_uag_custom_page_level_css":"","footnotes":""},"class_list":["post-91","page","type-page","status-publish","hentry"],"acf":[],"uagb_featured_image_src":{"full":false,"thumbnail":false,"medium":false,"medium_large":false,"large":false,"1536x1536":false,"2048x2048":false,"trp-custom-language-flag":false},"uagb_author_info":{"display_name":"burns","author_link":"https:\/\/condo.org.br\/en\/author\/burns\/"},"uagb_comment_info":0,"uagb_excerpt":"\u00a0 O Cond\u00f4 Cultural &nbsp; ARTE CULTURA TECNOLOGIA MEIO AMBIENTE ENCONTROS A\u00c7\u00d5ES CRIATIVAS &nbsp; Somos &hellip;","jetpack_sharing_enabled":true,"_links":{"self":[{"href":"https:\/\/condo.org.br\/en\/wp-json\/wp\/v2\/pages\/91","targetHints":{"allow":["GET"]}}],"collection":[{"href":"https:\/\/condo.org.br\/en\/wp-json\/wp\/v2\/pages"}],"about":[{"href":"https:\/\/condo.org.br\/en\/wp-json\/wp\/v2\/types\/page"}],"author":[{"embeddable":true,"href":"https:\/\/condo.org.br\/en\/wp-json\/wp\/v2\/users\/1"}],"replies":[{"embeddable":true,"href":"https:\/\/condo.org.br\/en\/wp-json\/wp\/v2\/comments?post=91"}],"version-history":[{"count":104,"href":"https:\/\/condo.org.br\/en\/wp-json\/wp\/v2\/pages\/91\/revisions"}],"predecessor-version":[{"id":3058,"href":"https:\/\/condo.org.br\/en\/wp-json\/wp\/v2\/pages\/91\/revisions\/3058"}],"wp:attachment":[{"href":"https:\/\/condo.org.br\/en\/wp-json\/wp\/v2\/media?parent=91"}],"curies":[{"name":"wp","href":"https:\/\/api.w.org\/{rel}","templated":true}]}}