{"id":796,"date":"2022-08-31T11:16:39","date_gmt":"2022-08-31T14:16:39","guid":{"rendered":"https:\/\/condo.org.br\/confirmacao-da-doacao\/"},"modified":"2022-08-31T11:16:39","modified_gmt":"2022-08-31T14:16:39","slug":"confirmacao-da-doacao","status":"publish","type":"page","link":"https:\/\/condo.org.br\/en\/confirmacao-da-doacao\/","title":{"rendered":"Confirma\u00e7\u00e3o da doa\u00e7\u00e3o"},"content":{"rendered":"<p>[give_receipt]<\/p>\n","protected":false},"excerpt":{"rendered":"<p>[give_receipt]<\/p>\n","protected":false},"author":1,"featured_media":0,"parent":0,"menu_order":0,"comment_status":"closed","ping_status":"closed","template":"","meta":{"_crdt_document":"","_uag_custom_page_level_css":"","footnotes":""},"class_list":["post-796","page","type-page","status-publish","hentry"],"acf":[],"uagb_featured_image_src":{"full":false,"thumbnail":false,"medium":false,"medium_large":false,"large":false,"1536x1536":false,"2048x2048":false,"trp-custom-language-flag":false},"uagb_author_info":{"display_name":"burns","author_link":"https:\/\/condo.org.br\/en\/author\/burns\/"},"uagb_comment_info":0,"uagb_excerpt":"[give_receipt]","jetpack_sharing_enabled":true,"_links":{"self":[{"href":"https:\/\/condo.org.br\/en\/wp-json\/wp\/v2\/pages\/796","targetHints":{"allow":["GET"]}}],"collection":[{"href":"https:\/\/condo.org.br\/en\/wp-json\/wp\/v2\/pages"}],"about":[{"href":"https:\/\/condo.org.br\/en\/wp-json\/wp\/v2\/types\/page"}],"author":[{"embeddable":true,"href":"https:\/\/condo.org.br\/en\/wp-json\/wp\/v2\/users\/1"}],"replies":[{"embeddable":true,"href":"https:\/\/condo.org.br\/en\/wp-json\/wp\/v2\/comments?post=796"}],"version-history":[{"count":0,"href":"https:\/\/condo.org.br\/en\/wp-json\/wp\/v2\/pages\/796\/revisions"}],"wp:attachment":[{"href":"https:\/\/condo.org.br\/en\/wp-json\/wp\/v2\/media?parent=796"}],"curies":[{"name":"wp","href":"https:\/\/api.w.org\/{rel}","templated":true}]}}