{"id":2,"date":"2022-04-13T19:41:59","date_gmt":"2022-04-13T19:41:59","guid":{"rendered":"https:\/\/condo.org.br\/?page_id=2"},"modified":"2025-12-17T12:32:04","modified_gmt":"2025-12-17T15:32:04","slug":"sample-page","status":"publish","type":"page","link":"https:\/\/condo.org.br\/en\/","title":{"rendered":"Home"},"content":{"rendered":"<!--Smart Slider #2 does NOT EXIST or has NO SLIDES!WordPress Shortcode-->\r\n\r\n\r\n<h1>WE ARE<\/h1>\r\n<p class=\"wp-block-paragraph\">an association that produces and promotes creative actions in the areas of culture, the arts and the environment<\/p>","protected":false},"excerpt":{"rendered":"<p>WE ARE an association that produces and promotes creative actions in the areas of culture, arts and ... <a href=\"https:\/\/condo.org.br\/en\/\"><\/a><\/p>","protected":false},"author":1,"featured_media":0,"parent":0,"menu_order":0,"comment_status":"closed","ping_status":"open","template":"","meta":{"_crdt_document":"","_uag_custom_page_level_css":"","footnotes":""},"class_list":["post-2","page","type-page","status-publish","hentry"],"acf":[],"uagb_featured_image_src":{"full":false,"thumbnail":false,"medium":false,"medium_large":false,"large":false,"1536x1536":false,"2048x2048":false,"trp-custom-language-flag":false},"uagb_author_info":{"display_name":"burns","author_link":"https:\/\/condo.org.br\/en\/author\/burns\/"},"uagb_comment_info":2,"uagb_excerpt":"SOMOS uma associa\u00e7\u00e3o que produz e promove a\u00e7\u00f5es criativas nas \u00e1reas da cultura, artes e &hellip;","jetpack_sharing_enabled":true,"_links":{"self":[{"href":"https:\/\/condo.org.br\/en\/wp-json\/wp\/v2\/pages\/2","targetHints":{"allow":["GET"]}}],"collection":[{"href":"https:\/\/condo.org.br\/en\/wp-json\/wp\/v2\/pages"}],"about":[{"href":"https:\/\/condo.org.br\/en\/wp-json\/wp\/v2\/types\/page"}],"author":[{"embeddable":true,"href":"https:\/\/condo.org.br\/en\/wp-json\/wp\/v2\/users\/1"}],"replies":[{"embeddable":true,"href":"https:\/\/condo.org.br\/en\/wp-json\/wp\/v2\/comments?post=2"}],"version-history":[{"count":52,"href":"https:\/\/condo.org.br\/en\/wp-json\/wp\/v2\/pages\/2\/revisions"}],"predecessor-version":[{"id":3126,"href":"https:\/\/condo.org.br\/en\/wp-json\/wp\/v2\/pages\/2\/revisions\/3126"}],"wp:attachment":[{"href":"https:\/\/condo.org.br\/en\/wp-json\/wp\/v2\/media?parent=2"}],"curies":[{"name":"wp","href":"https:\/\/api.w.org\/{rel}","templated":true}]}}