{"id":122,"date":"2022-04-15T09:48:02","date_gmt":"2022-04-15T12:48:02","guid":{"rendered":"https:\/\/condo.org.br\/home-english\/"},"modified":"2022-04-15T10:07:52","modified_gmt":"2022-04-15T13:07:52","slug":"home-english","status":"publish","type":"page","link":"https:\/\/condo.org.br\/en\/home-english\/","title":{"rendered":"Home - English"},"content":{"rendered":"<h1>We are<\/h1>\n<p>an association that produces and promotes creative actions in the areas of culture, the arts and the environment<\/p>","protected":false},"excerpt":{"rendered":"<p>We are an association that produces and promotes creative actions in the areas of culture, arts ... <a href=\"https:\/\/condo.org.br\/en\/home-english\/\"><\/a><\/p>","protected":false},"author":1,"featured_media":0,"parent":0,"menu_order":0,"comment_status":"closed","ping_status":"closed","template":"","meta":{"_crdt_document":"","_uag_custom_page_level_css":"","footnotes":""},"class_list":["post-122","page","type-page","status-publish","hentry"],"acf":[],"uagb_featured_image_src":{"full":false,"thumbnail":false,"medium":false,"medium_large":false,"large":false,"1536x1536":false,"2048x2048":false,"trp-custom-language-flag":false},"uagb_author_info":{"display_name":"burns","author_link":"https:\/\/condo.org.br\/en\/author\/burns\/"},"uagb_comment_info":0,"uagb_excerpt":"We are uma associa\u00e7\u00e3o que produz e promove a\u00e7\u00f5es criativas nas \u00e1reas da cultura, artes &hellip;","jetpack_sharing_enabled":true,"_links":{"self":[{"href":"https:\/\/condo.org.br\/en\/wp-json\/wp\/v2\/pages\/122","targetHints":{"allow":["GET"]}}],"collection":[{"href":"https:\/\/condo.org.br\/en\/wp-json\/wp\/v2\/pages"}],"about":[{"href":"https:\/\/condo.org.br\/en\/wp-json\/wp\/v2\/types\/page"}],"author":[{"embeddable":true,"href":"https:\/\/condo.org.br\/en\/wp-json\/wp\/v2\/users\/1"}],"replies":[{"embeddable":true,"href":"https:\/\/condo.org.br\/en\/wp-json\/wp\/v2\/comments?post=122"}],"version-history":[{"count":3,"href":"https:\/\/condo.org.br\/en\/wp-json\/wp\/v2\/pages\/122\/revisions"}],"predecessor-version":[{"id":126,"href":"https:\/\/condo.org.br\/en\/wp-json\/wp\/v2\/pages\/122\/revisions\/126"}],"wp:attachment":[{"href":"https:\/\/condo.org.br\/en\/wp-json\/wp\/v2\/media?parent=122"}],"curies":[{"name":"wp","href":"https:\/\/api.w.org\/{rel}","templated":true}]}}